{"id":126,"date":"2024-05-12T14:22:51","date_gmt":"2024-05-12T12:22:51","guid":{"rendered":"https:\/\/www.psisalonvonavykozustek.sk\/?page_id=126"},"modified":"2024-06-28T08:30:47","modified_gmt":"2024-06-28T06:30:47","slug":"certifikaty","status":"publish","type":"page","link":"https:\/\/www.psisalonvonavykozustek.sk\/?page_id=126","title":{"rendered":"CERTIFIK\u00c1TY"},"content":{"rendered":"\n<p class=\"has-text-align-center\">Neust\u00e1le sa sna\u017e\u00edm zlep\u0161ova\u0165 a zvy\u0161ova\u0165 \u00farove\u0148 mojich slu\u017eieb. <\/p>\n\n\n\n<div class=\"wp-block-columns is-layout-flex wp-container-core-columns-is-layout-1 wp-block-columns-is-layout-flex\">\n<div class=\"wp-block-column is-layout-flow wp-block-column-is-layout-flow\" style=\"flex-basis:33.33%\">\n<p>Z\u00e1kladny kurz strihania MARTIN<\/p>\n\n\n\n<p>Kurz \u00fapravy Yorkshirskeho Teri\u00e9r TRNAVA<\/p>\n\n\n\n<p>Kurz \u00fapravy Havansk\u00fd ps\u00edk, Pudel, Yorkshire  PRAHA<\/p>\n\n\n\n<p>Kurz dent\u00e1lnej hygieny organizovan\u00fd asociaciou striha\u010dov psov \u017dILINA<\/p>\n\n\n\n<p>\u00c1zijsk\u00e9 strihy ps\u00edkov PRAHA<\/p>\n\n\n\n<p>Kurz mie\u0161ania kozmentiky na mieru pre psov a z\u00e1klady SPA Trnava<\/p>\n\n\n\n<p>Irsk\u00fd Vlkodav \u00faprava srsti trimovan\u00edm pod\u013ea \u0161tandardu \u017dILINA<\/p>\n<\/div>\n\n\n\n<div class=\"wp-block-column is-layout-flow wp-block-column-is-layout-flow\" style=\"flex-basis:66.66%\">\n<figure class=\"wp-block-image size-full is-resized\"><img loading=\"lazy\" decoding=\"async\" width=\"450\" height=\"450\" src=\"https:\/\/www.psisalonvonavykozustek.sk\/wp-content\/uploads\/2024\/05\/PHOTO-2024-05-08-08-14-57-6.jpg\" alt=\"\" class=\"wp-image-64\" style=\"width:546px;height:auto\" srcset=\"https:\/\/www.psisalonvonavykozustek.sk\/wp-content\/uploads\/2024\/05\/PHOTO-2024-05-08-08-14-57-6.jpg 450w, https:\/\/www.psisalonvonavykozustek.sk\/wp-content\/uploads\/2024\/05\/PHOTO-2024-05-08-08-14-57-6-300x300.jpg 300w, https:\/\/www.psisalonvonavykozustek.sk\/wp-content\/uploads\/2024\/05\/PHOTO-2024-05-08-08-14-57-6-150x150.jpg 150w\" sizes=\"(max-width: 450px) 100vw, 450px\" \/><\/figure>\n\n\n\n<hr class=\"wp-block-separator has-alpha-channel-opacity\"\/>\n<\/div>\n<\/div>\n\n\n\n<div class=\"wp-block-columns is-layout-flex wp-container-core-columns-is-layout-2 wp-block-columns-is-layout-flex\">\n<div class=\"wp-block-column is-layout-flow wp-block-column-is-layout-flow\" style=\"flex-basis:66.66%\"><\/div>\n\n\n\n<div class=\"wp-block-column is-layout-flow wp-block-column-is-layout-flow\" style=\"flex-basis:33.33%\"><\/div>\n<\/div>\n\n\n\n<figure class=\"wp-block-gallery has-nested-images columns-default is-cropped wp-block-gallery-1 is-layout-flex wp-block-gallery-is-layout-flex\">\n<figure class=\"wp-block-image size-large\"><img loading=\"lazy\" decoding=\"async\" width=\"1024\" height=\"1024\" data-id=\"190\" src=\"https:\/\/www.psisalonvonavykozustek.sk\/wp-content\/uploads\/2024\/05\/karsten-winegeart-NE0XGVKTmcA-unsplash-1-1024x1024.jpg\" alt=\"\" class=\"wp-image-190\" srcset=\"https:\/\/www.psisalonvonavykozustek.sk\/wp-content\/uploads\/2024\/05\/karsten-winegeart-NE0XGVKTmcA-unsplash-1-1024x1024.jpg 1024w, https:\/\/www.psisalonvonavykozustek.sk\/wp-content\/uploads\/2024\/05\/karsten-winegeart-NE0XGVKTmcA-unsplash-1-300x300.jpg 300w, https:\/\/www.psisalonvonavykozustek.sk\/wp-content\/uploads\/2024\/05\/karsten-winegeart-NE0XGVKTmcA-unsplash-1-150x150.jpg 150w, https:\/\/www.psisalonvonavykozustek.sk\/wp-content\/uploads\/2024\/05\/karsten-winegeart-NE0XGVKTmcA-unsplash-1-768x768.jpg 768w, https:\/\/www.psisalonvonavykozustek.sk\/wp-content\/uploads\/2024\/05\/karsten-winegeart-NE0XGVKTmcA-unsplash-1-1536x1536.jpg 1536w, https:\/\/www.psisalonvonavykozustek.sk\/wp-content\/uploads\/2024\/05\/karsten-winegeart-NE0XGVKTmcA-unsplash-1-2048x2048.jpg 2048w\" sizes=\"(max-width: 1024px) 100vw, 1024px\" \/><\/figure>\n\n\n\n<figure class=\"wp-block-image size-large\"><img loading=\"lazy\" decoding=\"async\" width=\"815\" height=\"1024\" data-id=\"49\" src=\"https:\/\/www.psisalonvonavykozustek.sk\/wp-content\/uploads\/2024\/05\/jamie-street-ikv10lHZUas-unsplash-815x1024.jpg\" alt=\"\" class=\"wp-image-49\" srcset=\"https:\/\/www.psisalonvonavykozustek.sk\/wp-content\/uploads\/2024\/05\/jamie-street-ikv10lHZUas-unsplash-815x1024.jpg 815w, https:\/\/www.psisalonvonavykozustek.sk\/wp-content\/uploads\/2024\/05\/jamie-street-ikv10lHZUas-unsplash-239x300.jpg 239w, https:\/\/www.psisalonvonavykozustek.sk\/wp-content\/uploads\/2024\/05\/jamie-street-ikv10lHZUas-unsplash-768x965.jpg 768w, https:\/\/www.psisalonvonavykozustek.sk\/wp-content\/uploads\/2024\/05\/jamie-street-ikv10lHZUas-unsplash-1222x1536.jpg 1222w, https:\/\/www.psisalonvonavykozustek.sk\/wp-content\/uploads\/2024\/05\/jamie-street-ikv10lHZUas-unsplash-1630x2048.jpg 1630w, https:\/\/www.psisalonvonavykozustek.sk\/wp-content\/uploads\/2024\/05\/jamie-street-ikv10lHZUas-unsplash-scaled.jpg 2037w\" sizes=\"(max-width: 815px) 100vw, 815px\" \/><\/figure>\n\n\n\n<figure class=\"wp-block-image size-large\"><img loading=\"lazy\" decoding=\"async\" width=\"1024\" height=\"768\" data-id=\"51\" src=\"https:\/\/www.psisalonvonavykozustek.sk\/wp-content\/uploads\/2024\/05\/jamie-street-UtrE5DcgEyg-unsplash-1024x768.jpg\" alt=\"\" class=\"wp-image-51\" srcset=\"https:\/\/www.psisalonvonavykozustek.sk\/wp-content\/uploads\/2024\/05\/jamie-street-UtrE5DcgEyg-unsplash-1024x768.jpg 1024w, https:\/\/www.psisalonvonavykozustek.sk\/wp-content\/uploads\/2024\/05\/jamie-street-UtrE5DcgEyg-unsplash-300x225.jpg 300w, https:\/\/www.psisalonvonavykozustek.sk\/wp-content\/uploads\/2024\/05\/jamie-street-UtrE5DcgEyg-unsplash-768x576.jpg 768w, https:\/\/www.psisalonvonavykozustek.sk\/wp-content\/uploads\/2024\/05\/jamie-street-UtrE5DcgEyg-unsplash-1536x1152.jpg 1536w, https:\/\/www.psisalonvonavykozustek.sk\/wp-content\/uploads\/2024\/05\/jamie-street-UtrE5DcgEyg-unsplash-2048x1536.jpg 2048w\" sizes=\"(max-width: 1024px) 100vw, 1024px\" \/><\/figure>\n\n\n\n<figure class=\"wp-block-image size-large\"><img loading=\"lazy\" decoding=\"async\" width=\"1024\" height=\"768\" data-id=\"43\" src=\"https:\/\/www.psisalonvonavykozustek.sk\/wp-content\/uploads\/2024\/05\/karsten-winegeart-NE0XGVKTmcA-unsplash-edited-1024x768.jpg\" alt=\"\" class=\"wp-image-43\" srcset=\"https:\/\/www.psisalonvonavykozustek.sk\/wp-content\/uploads\/2024\/05\/karsten-winegeart-NE0XGVKTmcA-unsplash-edited-1024x768.jpg 1024w, https:\/\/www.psisalonvonavykozustek.sk\/wp-content\/uploads\/2024\/05\/karsten-winegeart-NE0XGVKTmcA-unsplash-edited-300x225.jpg 300w, https:\/\/www.psisalonvonavykozustek.sk\/wp-content\/uploads\/2024\/05\/karsten-winegeart-NE0XGVKTmcA-unsplash-edited-768x576.jpg 768w, https:\/\/www.psisalonvonavykozustek.sk\/wp-content\/uploads\/2024\/05\/karsten-winegeart-NE0XGVKTmcA-unsplash-edited-1536x1152.jpg 1536w, https:\/\/www.psisalonvonavykozustek.sk\/wp-content\/uploads\/2024\/05\/karsten-winegeart-NE0XGVKTmcA-unsplash-edited-2048x1536.jpg 2048w\" sizes=\"(max-width: 1024px) 100vw, 1024px\" \/><\/figure>\n\n\n\n<figure class=\"wp-block-image size-large\"><img loading=\"lazy\" decoding=\"async\" width=\"1024\" height=\"683\" data-id=\"52\" src=\"https:\/\/www.psisalonvonavykozustek.sk\/wp-content\/uploads\/2024\/05\/hayffield-l-ZVdZw2p08y4-unsplash-1024x683.jpg\" alt=\"\" class=\"wp-image-52\" srcset=\"https:\/\/www.psisalonvonavykozustek.sk\/wp-content\/uploads\/2024\/05\/hayffield-l-ZVdZw2p08y4-unsplash-1024x683.jpg 1024w, https:\/\/www.psisalonvonavykozustek.sk\/wp-content\/uploads\/2024\/05\/hayffield-l-ZVdZw2p08y4-unsplash-300x200.jpg 300w, https:\/\/www.psisalonvonavykozustek.sk\/wp-content\/uploads\/2024\/05\/hayffield-l-ZVdZw2p08y4-unsplash-768x512.jpg 768w, https:\/\/www.psisalonvonavykozustek.sk\/wp-content\/uploads\/2024\/05\/hayffield-l-ZVdZw2p08y4-unsplash-1536x1024.jpg 1536w, https:\/\/www.psisalonvonavykozustek.sk\/wp-content\/uploads\/2024\/05\/hayffield-l-ZVdZw2p08y4-unsplash-2048x1365.jpg 2048w, https:\/\/www.psisalonvonavykozustek.sk\/wp-content\/uploads\/2024\/05\/hayffield-l-ZVdZw2p08y4-unsplash-683x455.jpg 683w\" sizes=\"(max-width: 1024px) 100vw, 1024px\" \/><\/figure>\n<\/figure>\n","protected":false},"excerpt":{"rendered":"<p>Neust\u00e1le sa sna\u017e\u00edm zlep\u0161ova\u0165 a zvy\u0161ova\u0165 \u00farove\u0148 mojich slu\u017eieb. Z\u00e1kladny kurz strihania MARTIN Kurz \u00fapravy Yorkshirskeho Teri\u00e9r TRNAVA Kurz \u00fapravy Havansk\u00fd ps\u00edk, Pudel, Yorkshire PRAHA Kurz dent\u00e1lnej hygieny organizovan\u00fd asociaciou striha\u010dov psov \u017dILINA \u00c1zijsk\u00e9 strihy ps\u00edkov PRAHA Kurz mie\u0161ania kozmentiky na mieru pre psov a z\u00e1klady SPA Trnava Irsk\u00fd Vlkodav \u00faprava srsti trimovan\u00edm pod\u013ea \u0161tandardu [&hellip;]<\/p>\n","protected":false},"author":1,"featured_media":0,"parent":0,"menu_order":0,"comment_status":"closed","ping_status":"closed","template":"","meta":{"_monsterinsights_skip_tracking":false,"_monsterinsights_sitenote_active":false,"_monsterinsights_sitenote_note":"","_monsterinsights_sitenote_category":0,"footnotes":""},"yoast_head":"<!-- This site is optimized with the Yoast SEO plugin v22.6 - https:\/\/yoast.com\/wordpress\/plugins\/seo\/ -->\n<title>CERTIFIK\u00c1TY - Vo\u0148av\u00fd ko\u017e\u00fa\u0161tek<\/title>\n<meta name=\"description\" content=\"Neust\u00e1le sa zlep\u0161ujem v oblasti strihania psov, dent\u00e1lnej hygieny, spa a wellness psov, skr\u00e1\u0161lovanie chlp\u00e1\u010dov. K\u00fapanie ps\u00edkov, az\u00edjske strihy, dent\u00e1lna hygiena ps\u00edkov. Pr\u00edprava ps\u00edkov na v\u00fdstavy.\" \/>\n<meta name=\"robots\" content=\"index, follow, max-snippet:-1, max-image-preview:large, max-video-preview:-1\" \/>\n<link rel=\"canonical\" href=\"https:\/\/www.psisalonvonavykozustek.sk\/?page_id=126\" \/>\n<meta property=\"og:locale\" content=\"sk_SK\" \/>\n<meta property=\"og:type\" content=\"article\" \/>\n<meta property=\"og:title\" content=\"CERTIFIK\u00c1TY - Vo\u0148av\u00fd ko\u017e\u00fa\u0161tek\" \/>\n<meta property=\"og:description\" content=\"Neust\u00e1le sa zlep\u0161ujem v oblasti strihania psov, dent\u00e1lnej hygieny, spa a wellness psov, skr\u00e1\u0161lovanie chlp\u00e1\u010dov. K\u00fapanie ps\u00edkov, az\u00edjske strihy, dent\u00e1lna hygiena ps\u00edkov. Pr\u00edprava ps\u00edkov na v\u00fdstavy.\" \/>\n<meta property=\"og:url\" content=\"https:\/\/www.psisalonvonavykozustek.sk\/?page_id=126\" \/>\n<meta property=\"og:site_name\" content=\"Vo\u0148av\u00fd ko\u017e\u00fa\u0161tek\" \/>\n<meta property=\"article:publisher\" content=\"https:\/\/www.facebook.com\/vonavykozustek\" \/>\n<meta property=\"article:modified_time\" content=\"2024-06-28T06:30:47+00:00\" \/>\n<meta property=\"og:image\" content=\"https:\/\/www.psisalonvonavykozustek.sk\/wp-content\/uploads\/2024\/05\/PHOTO-2024-05-08-08-14-57-6.jpg\" \/>\n<meta name=\"twitter:card\" content=\"summary_large_image\" \/>\n<meta name=\"twitter:label1\" content=\"Predpokladan\u00fd \u010das \u010d\u00edtania\" \/>\n\t<meta name=\"twitter:data1\" content=\"2 min\u00faty\" \/>\n<script type=\"application\/ld+json\" class=\"yoast-schema-graph\">{\"@context\":\"https:\/\/schema.org\",\"@graph\":[{\"@type\":\"WebPage\",\"@id\":\"https:\/\/www.psisalonvonavykozustek.sk\/?page_id=126\",\"url\":\"https:\/\/www.psisalonvonavykozustek.sk\/?page_id=126\",\"name\":\"CERTIFIK\u00c1TY - Vo\u0148av\u00fd ko\u017e\u00fa\u0161tek\",\"isPartOf\":{\"@id\":\"https:\/\/www.psisalonvonavykozustek.sk\/#website\"},\"primaryImageOfPage\":{\"@id\":\"https:\/\/www.psisalonvonavykozustek.sk\/?page_id=126#primaryimage\"},\"image\":{\"@id\":\"https:\/\/www.psisalonvonavykozustek.sk\/?page_id=126#primaryimage\"},\"thumbnailUrl\":\"https:\/\/www.psisalonvonavykozustek.sk\/wp-content\/uploads\/2024\/05\/PHOTO-2024-05-08-08-14-57-6.jpg\",\"datePublished\":\"2024-05-12T12:22:51+00:00\",\"dateModified\":\"2024-06-28T06:30:47+00:00\",\"description\":\"Neust\u00e1le sa zlep\u0161ujem v oblasti strihania psov, dent\u00e1lnej hygieny, spa a wellness psov, skr\u00e1\u0161lovanie chlp\u00e1\u010dov. K\u00fapanie ps\u00edkov, az\u00edjske strihy, dent\u00e1lna hygiena ps\u00edkov. Pr\u00edprava ps\u00edkov na v\u00fdstavy.\",\"breadcrumb\":{\"@id\":\"https:\/\/www.psisalonvonavykozustek.sk\/?page_id=126#breadcrumb\"},\"inLanguage\":\"sk-SK\",\"potentialAction\":[{\"@type\":\"ReadAction\",\"target\":[\"https:\/\/www.psisalonvonavykozustek.sk\/?page_id=126\"]}]},{\"@type\":\"ImageObject\",\"inLanguage\":\"sk-SK\",\"@id\":\"https:\/\/www.psisalonvonavykozustek.sk\/?page_id=126#primaryimage\",\"url\":\"https:\/\/www.psisalonvonavykozustek.sk\/wp-content\/uploads\/2024\/05\/PHOTO-2024-05-08-08-14-57-6.jpg\",\"contentUrl\":\"https:\/\/www.psisalonvonavykozustek.sk\/wp-content\/uploads\/2024\/05\/PHOTO-2024-05-08-08-14-57-6.jpg\",\"width\":450,\"height\":450},{\"@type\":\"BreadcrumbList\",\"@id\":\"https:\/\/www.psisalonvonavykozustek.sk\/?page_id=126#breadcrumb\",\"itemListElement\":[{\"@type\":\"ListItem\",\"position\":1,\"name\":\"Home\",\"item\":\"https:\/\/www.psisalonvonavykozustek.sk\/\"},{\"@type\":\"ListItem\",\"position\":2,\"name\":\"CERTIFIK\u00c1TY\"}]},{\"@type\":\"WebSite\",\"@id\":\"https:\/\/www.psisalonvonavykozustek.sk\/#website\",\"url\":\"https:\/\/www.psisalonvonavykozustek.sk\/\",\"name\":\"Vonavykozustek\",\"description\":\"prvotriedn\u00fd sal\u00f3n pre psov v Dolnom Kub\u00edne\",\"publisher\":{\"@id\":\"https:\/\/www.psisalonvonavykozustek.sk\/#\/schema\/person\/e95fab2fa73d6f16bcd34b17935eeb9d\"},\"potentialAction\":[{\"@type\":\"SearchAction\",\"target\":{\"@type\":\"EntryPoint\",\"urlTemplate\":\"https:\/\/www.psisalonvonavykozustek.sk\/?s={search_term_string}\"},\"query-input\":\"required name=search_term_string\"}],\"inLanguage\":\"sk-SK\"},{\"@type\":[\"Person\",\"Organization\"],\"@id\":\"https:\/\/www.psisalonvonavykozustek.sk\/#\/schema\/person\/e95fab2fa73d6f16bcd34b17935eeb9d\",\"name\":\"vonavykozustek\",\"image\":{\"@type\":\"ImageObject\",\"inLanguage\":\"sk-SK\",\"@id\":\"https:\/\/www.psisalonvonavykozustek.sk\/#\/schema\/person\/image\/\",\"url\":\"https:\/\/www.psisalonvonavykozustek.sk\/wp-content\/uploads\/2024\/07\/VonavyKozustek.png\",\"contentUrl\":\"https:\/\/www.psisalonvonavykozustek.sk\/wp-content\/uploads\/2024\/07\/VonavyKozustek.png\",\"width\":2444,\"height\":2499,\"caption\":\"vonavykozustek\"},\"logo\":{\"@id\":\"https:\/\/www.psisalonvonavykozustek.sk\/#\/schema\/person\/image\/\"},\"description\":\"Vo\u0148av\u00fd ko\u017e\u00fa\u0161tek je ps\u00ed sal\u00f3n s prvotriednou starostlivos\u0165ou o Va\u0161ich chlp\u00e1\u010dov. \u0160peci\u00e1lne strihy, oz\u00f3noterapia, dent\u00e1lna hygiena, poradenstvo, pr\u00edprava psov na v\u00fdstavy. V sal\u00f3ne sme pripravovali na medzin\u00e1rodne v\u00fdstavy u\u017e nieko\u013eko ps\u00edkov, ktor\u00fd sa stali \u0161ampi\u00f3nmi.\",\"sameAs\":[\"https:\/\/www.psisalonvonavykozustek.sk\",\"https:\/\/www.facebook.com\/vonavykozustek\",\"https:\/\/www.instagram.com\/salon_vonavykozustek\/?hl=en\"]}]}<\/script>\n<!-- \/ Yoast SEO plugin. -->","yoast_head_json":{"title":"CERTIFIK\u00c1TY - Vo\u0148av\u00fd ko\u017e\u00fa\u0161tek","description":"Neust\u00e1le sa zlep\u0161ujem v oblasti strihania psov, dent\u00e1lnej hygieny, spa a wellness psov, skr\u00e1\u0161lovanie chlp\u00e1\u010dov. K\u00fapanie ps\u00edkov, az\u00edjske strihy, dent\u00e1lna hygiena ps\u00edkov. Pr\u00edprava ps\u00edkov na v\u00fdstavy.","robots":{"index":"index","follow":"follow","max-snippet":"max-snippet:-1","max-image-preview":"max-image-preview:large","max-video-preview":"max-video-preview:-1"},"canonical":"https:\/\/www.psisalonvonavykozustek.sk\/?page_id=126","og_locale":"sk_SK","og_type":"article","og_title":"CERTIFIK\u00c1TY - Vo\u0148av\u00fd ko\u017e\u00fa\u0161tek","og_description":"Neust\u00e1le sa zlep\u0161ujem v oblasti strihania psov, dent\u00e1lnej hygieny, spa a wellness psov, skr\u00e1\u0161lovanie chlp\u00e1\u010dov. K\u00fapanie ps\u00edkov, az\u00edjske strihy, dent\u00e1lna hygiena ps\u00edkov. Pr\u00edprava ps\u00edkov na v\u00fdstavy.","og_url":"https:\/\/www.psisalonvonavykozustek.sk\/?page_id=126","og_site_name":"Vo\u0148av\u00fd ko\u017e\u00fa\u0161tek","article_publisher":"https:\/\/www.facebook.com\/vonavykozustek","article_modified_time":"2024-06-28T06:30:47+00:00","og_image":[{"url":"https:\/\/www.psisalonvonavykozustek.sk\/wp-content\/uploads\/2024\/05\/PHOTO-2024-05-08-08-14-57-6.jpg"}],"twitter_card":"summary_large_image","twitter_misc":{"Predpokladan\u00fd \u010das \u010d\u00edtania":"2 min\u00faty"},"schema":{"@context":"https:\/\/schema.org","@graph":[{"@type":"WebPage","@id":"https:\/\/www.psisalonvonavykozustek.sk\/?page_id=126","url":"https:\/\/www.psisalonvonavykozustek.sk\/?page_id=126","name":"CERTIFIK\u00c1TY - Vo\u0148av\u00fd ko\u017e\u00fa\u0161tek","isPartOf":{"@id":"https:\/\/www.psisalonvonavykozustek.sk\/#website"},"primaryImageOfPage":{"@id":"https:\/\/www.psisalonvonavykozustek.sk\/?page_id=126#primaryimage"},"image":{"@id":"https:\/\/www.psisalonvonavykozustek.sk\/?page_id=126#primaryimage"},"thumbnailUrl":"https:\/\/www.psisalonvonavykozustek.sk\/wp-content\/uploads\/2024\/05\/PHOTO-2024-05-08-08-14-57-6.jpg","datePublished":"2024-05-12T12:22:51+00:00","dateModified":"2024-06-28T06:30:47+00:00","description":"Neust\u00e1le sa zlep\u0161ujem v oblasti strihania psov, dent\u00e1lnej hygieny, spa a wellness psov, skr\u00e1\u0161lovanie chlp\u00e1\u010dov. K\u00fapanie ps\u00edkov, az\u00edjske strihy, dent\u00e1lna hygiena ps\u00edkov. Pr\u00edprava ps\u00edkov na v\u00fdstavy.","breadcrumb":{"@id":"https:\/\/www.psisalonvonavykozustek.sk\/?page_id=126#breadcrumb"},"inLanguage":"sk-SK","potentialAction":[{"@type":"ReadAction","target":["https:\/\/www.psisalonvonavykozustek.sk\/?page_id=126"]}]},{"@type":"ImageObject","inLanguage":"sk-SK","@id":"https:\/\/www.psisalonvonavykozustek.sk\/?page_id=126#primaryimage","url":"https:\/\/www.psisalonvonavykozustek.sk\/wp-content\/uploads\/2024\/05\/PHOTO-2024-05-08-08-14-57-6.jpg","contentUrl":"https:\/\/www.psisalonvonavykozustek.sk\/wp-content\/uploads\/2024\/05\/PHOTO-2024-05-08-08-14-57-6.jpg","width":450,"height":450},{"@type":"BreadcrumbList","@id":"https:\/\/www.psisalonvonavykozustek.sk\/?page_id=126#breadcrumb","itemListElement":[{"@type":"ListItem","position":1,"name":"Home","item":"https:\/\/www.psisalonvonavykozustek.sk\/"},{"@type":"ListItem","position":2,"name":"CERTIFIK\u00c1TY"}]},{"@type":"WebSite","@id":"https:\/\/www.psisalonvonavykozustek.sk\/#website","url":"https:\/\/www.psisalonvonavykozustek.sk\/","name":"Vonavykozustek","description":"prvotriedn\u00fd sal\u00f3n pre psov v Dolnom Kub\u00edne","publisher":{"@id":"https:\/\/www.psisalonvonavykozustek.sk\/#\/schema\/person\/e95fab2fa73d6f16bcd34b17935eeb9d"},"potentialAction":[{"@type":"SearchAction","target":{"@type":"EntryPoint","urlTemplate":"https:\/\/www.psisalonvonavykozustek.sk\/?s={search_term_string}"},"query-input":"required name=search_term_string"}],"inLanguage":"sk-SK"},{"@type":["Person","Organization"],"@id":"https:\/\/www.psisalonvonavykozustek.sk\/#\/schema\/person\/e95fab2fa73d6f16bcd34b17935eeb9d","name":"vonavykozustek","image":{"@type":"ImageObject","inLanguage":"sk-SK","@id":"https:\/\/www.psisalonvonavykozustek.sk\/#\/schema\/person\/image\/","url":"https:\/\/www.psisalonvonavykozustek.sk\/wp-content\/uploads\/2024\/07\/VonavyKozustek.png","contentUrl":"https:\/\/www.psisalonvonavykozustek.sk\/wp-content\/uploads\/2024\/07\/VonavyKozustek.png","width":2444,"height":2499,"caption":"vonavykozustek"},"logo":{"@id":"https:\/\/www.psisalonvonavykozustek.sk\/#\/schema\/person\/image\/"},"description":"Vo\u0148av\u00fd ko\u017e\u00fa\u0161tek je ps\u00ed sal\u00f3n s prvotriednou starostlivos\u0165ou o Va\u0161ich chlp\u00e1\u010dov. \u0160peci\u00e1lne strihy, oz\u00f3noterapia, dent\u00e1lna hygiena, poradenstvo, pr\u00edprava psov na v\u00fdstavy. V sal\u00f3ne sme pripravovali na medzin\u00e1rodne v\u00fdstavy u\u017e nieko\u013eko ps\u00edkov, ktor\u00fd sa stali \u0161ampi\u00f3nmi.","sameAs":["https:\/\/www.psisalonvonavykozustek.sk","https:\/\/www.facebook.com\/vonavykozustek","https:\/\/www.instagram.com\/salon_vonavykozustek\/?hl=en"]}]}},"_links":{"self":[{"href":"https:\/\/www.psisalonvonavykozustek.sk\/index.php?rest_route=\/wp\/v2\/pages\/126"}],"collection":[{"href":"https:\/\/www.psisalonvonavykozustek.sk\/index.php?rest_route=\/wp\/v2\/pages"}],"about":[{"href":"https:\/\/www.psisalonvonavykozustek.sk\/index.php?rest_route=\/wp\/v2\/types\/page"}],"author":[{"embeddable":true,"href":"https:\/\/www.psisalonvonavykozustek.sk\/index.php?rest_route=\/wp\/v2\/users\/1"}],"replies":[{"embeddable":true,"href":"https:\/\/www.psisalonvonavykozustek.sk\/index.php?rest_route=%2Fwp%2Fv2%2Fcomments&post=126"}],"version-history":[{"count":5,"href":"https:\/\/www.psisalonvonavykozustek.sk\/index.php?rest_route=\/wp\/v2\/pages\/126\/revisions"}],"predecessor-version":[{"id":292,"href":"https:\/\/www.psisalonvonavykozustek.sk\/index.php?rest_route=\/wp\/v2\/pages\/126\/revisions\/292"}],"wp:attachment":[{"href":"https:\/\/www.psisalonvonavykozustek.sk\/index.php?rest_route=%2Fwp%2Fv2%2Fmedia&parent=126"}],"curies":[{"name":"wp","href":"https:\/\/api.w.org\/{rel}","templated":true}]}}